{"id":31,"date":"2022-01-24T18:48:48","date_gmt":"2022-01-24T18:48:48","guid":{"rendered":"http:\/\/radi.es\/?page_id=31"},"modified":"2022-01-24T18:48:48","modified_gmt":"2022-01-24T18:48:48","slug":"touren-2019","status":"publish","type":"page","link":"http:\/\/radi.es\/?page_id=31","title":{"rendered":"Touren 2019"},"content":{"rendered":"\n<p><strong>Zeitumstellung 31.3 \u2013 27.10<\/strong><\/p>\n\n\n\n<p><strong>Weitere Termine:<\/strong><\/p>\n\n\n\n<p><strong>Sonntag, 19.5. W\u00fcrth Marathon<\/strong><\/p>\n\n\n\n<p><strong>Sonntag, 26.5. Wenigumstatt. Bayrisch Hessische Grenzfahrt. Von 58km bis 217km ist alles dabei.<\/strong> <a href=\"http:\/\/www.rsv-wenigumstadt.de\/radsportwochenende\/radmarathoncup\" data-type=\"URL\" data-id=\"http:\/\/www.rsv-wenigumstadt.de\/radsportwochenende\/radmarathoncup\">http:\/\/www.rsv-wenigumstadt.de\/radsportwochenende\/radmarathoncup<\/a><\/p>\n\n\n\n<p><\/p>\n\n\n\n<p><strong>Sonntag, 2.6. Herbsthausen<\/strong><\/p>\n\n\n\n<p><strong>Samstag, 8.6. Bimbach RTF: Ohne Anmeldung kann man auf einer 158km Strecke die R\u00f6hn erkunden<\/strong><\/p>\n\n\n\n<p><strong>Donnerstag, 20.6. Fronleichnam Prozession. 300+x km. Vorschl\u00e4ge willkommen.<\/strong><\/p>\n\n\n\n<p><strong>Wer Franken kennen lernen m\u00f6chte:\u00a0<\/strong><a href=\"http:\/\/www.mittelfrankencup.de\" data-type=\"URL\" data-id=\"http:\/\/www.mittelfrankencup.de\">http:\/\/www.mittelfrankencup.de<\/a><\/p>\n\n\n\n<p><strong>Dieses Jahr gibt es 30 Dienstags-Ausfahrten.<\/strong><\/p>\n\n\n\n<p><strong>02.04.&nbsp; &nbsp;Start um 17:30. Saisoner\u00f6ffnung.<\/strong><\/p>\n\n\n\n<p><strong>Welzbachtal Runde wie jedes Jahr.&nbsp; Diesmal erst Richtung Werbach<\/strong><\/p>\n\n\n\n<p><strong>09.04.&nbsp; &nbsp;Einsame Orte<\/strong><\/p>\n\n\n\n<p><strong>Radweg nach MGH, am Solymar vorbei nach Igersheim, Reisfelder Steige, Holzbronn, Reckerstal, Neudorf, Oesfeld, Bowiesen, Vilchband, Zimmern, Gr\u00fcnsfeld, \u00fcber die Brachenleite nach Dittigheim<\/strong><\/p>\n\n\n\n<p><strong>16.04.&nbsp; &nbsp;Lockere 65km Runde an den Main<\/strong><\/p>\n\n\n\n<p><strong>Hochhausen, Werbach, Werbachhausen, Wenkheim, Neubrunn, Kembach, Dietenhan, Urphar, Radweg nach Wertheim, Taubertal bis Gamburg, Apfelberg, Hochhausen, Dittigheim<\/strong><\/p>\n\n\n\n<p><strong>23.04.&nbsp; &nbsp;Buckelrunde: 65km 1260hm<\/strong><\/p>\n\n\n\n<p><strong>\u00dcber den Waltersberg nach Gr\u00fcnsfeld, die Klinge hoch zur Autobahnrastst\u00e4tte, Gr\u00fcnsfeldhausen, Paimar, Gro\u00dfrinderfeld, Brunntal, scharf rechts am Weiher vorbei die Wenkheimer Stra\u00dfe nach Wenkheim, B\u00f6digheim, Neubrunn, H\u00f6hefeld, Gamburg, Uissigheim, Eiersheim, Dienstadt, K\u00f6nigheim, Dittigheim<\/strong><\/p>\n\n\n\n<p><strong>30.04.&nbsp; &nbsp;Am Rande des Baulandes entlang. 66km 500hm<\/strong><\/p>\n\n\n\n<p><strong>Dittgh, Dittwar, Heckfeld, Kuba, Uiffi, Obereubi, Eubi, Gerichtst\u00e4tten, Erfeld, Hardheim, an der Kaserne vorbei nach Steinfurt (Stra\u00dfe zum StO\u00dcpl), K\u00fclsheim, Uissi, Apfelberg, Hochhausen, Dittigh.<\/strong><\/p>\n\n\n\n<p><strong>Ab Mai Start um 18:00<\/strong><\/p>\n\n\n\n<p><strong>07.05.&nbsp; &nbsp;Mit Emmerich zum Br\u00fcckenwirt. Ca. 70km<\/strong><\/p>\n\n\n\n<p><strong>Dittgh., Gr\u00fcnsfeld, Zimmern, Wittighausen, B\u00fctthard, H\u00f6ttingen, Euershausen, Gauk\u00f6nigshofen, Sonderhofen, Br\u00fcckenbaron, Bolzhausen, Gelchsheim, Riedenheim, Stalldorf, Bernsfelden, Oesfeld, O-Balbach, U-Balbach, Radweg \u00fcber K\u00f6nigshofen heim.<\/strong><\/p>\n\n\n\n<p><strong>14.05.&nbsp; &nbsp;Wessental mit Waldkapelle.&nbsp;<\/strong><\/p>\n\n\n\n<p><strong>Hier die\u00a0Tickets:<\/strong> <a href=\"http:\/\/www.tv-dittigheim.de\/wp-content\/uploads\/2017\/05\/78_Wessental1.pdf\" data-type=\"URL\" data-id=\"http:\/\/www.tv-dittigheim.de\/wp-content\/uploads\/2017\/05\/78_Wessental1.pdf\">http:\/\/www.tv-dittigheim.de\/wp-content\/uploads\/2017\/05\/78_Wessental1.pdf<\/a><\/p>\n\n\n\n<p><strong>21.05.&nbsp; &nbsp; Spontane Tour<\/strong><\/p>\n\n\n\n<p><strong>Aufgrund der miserablen&nbsp; Wetterprognose richten wir uns nach der Lage:<\/strong><\/p>\n\n\n\n<p><strong>Dort wo es nicht regnet liegt unsere Richtung.<\/strong><\/p>\n\n\n\n<p><strong>28.05.&nbsp; &nbsp; Kaltenbrunn<\/strong><\/p>\n\n\n\n<p><strong>ausgefallen wegen Regen.<\/strong><\/p>\n\n\n\n<p><strong>04.06.&nbsp; &nbsp;Erlenbach<\/strong><\/p>\n\n\n\n<p><strong>Hier die Tickets<\/strong>: <a href=\"http:\/\/www.tv-dittigheim.de\/wp-content\/uploads\/2017\/05\/95_Erlenbach.pdf\" data-type=\"URL\" data-id=\"http:\/\/www.tv-dittigheim.de\/wp-content\/uploads\/2017\/05\/95_Erlenbach.pdf\">http:\/\/www.tv-dittigheim.de\/wp-content\/uploads\/2017\/05\/95_Erlenbach.pdf<\/a><\/p>\n\n\n\n<p><strong>11.06.&nbsp; Miltenberg Wertheim<\/strong><\/p>\n\n\n\n<p><strong>18.06.&nbsp; Best of Odenwald<\/strong><\/p>\n\n\n\n<p><strong>Wird auf n\u00e4chstes Jahr verschoben.<\/strong><\/p>\n\n\n\n<p><strong>Aber wir bleiben im Odenwald:<\/strong><\/p>\n\n\n\n<p><strong>Morretal. Hier die\u00a0Tickets<\/strong>: <a href=\"http:\/\/www.tv-dittigheim.de\/wp-content\/uploads\/2017\/05\/95_Morretal_Variante1.pdf\" data-type=\"URL\" data-id=\"http:\/\/www.tv-dittigheim.de\/wp-content\/uploads\/2017\/05\/95_Morretal_Variante1.pdf\">http:\/\/www.tv-dittigheim.de\/wp-content\/uploads\/2017\/05\/95_Morretal_Variante1.pdf<\/a><\/p>\n\n\n\n<p><strong>25.06.&nbsp; &nbsp;Hafenlohrtal Start um 17:00<\/strong><\/p>\n\n\n\n<p><strong>Nachdem die Monsterauffahrt auf die A3 fertig ist, k\u00f6nnen wir nach 2 Jahren wieder unsere Hafenlohrtal Runde drehen.<\/strong><\/p>\n\n\n\n<p><strong>Am Heinrichsbrunnen, kurz vor der Autobahnunterf\u00fchrung, kann Wasser aufgetankt werden.<\/strong><\/p>\n\n\n\n<p><strong>Hochhausen, Radweg nach Niklashausen, Neubrunn, Holzkirchhausen, W\u00fcstenzell, Erlenbach, Marktheidenfeld, Hafenlohr, Hafenlohrtal bis zur Autobahnrastst\u00e4tte, Schollbrunn, Hasloch, Radweg nach Wertheim, ja nach Helligkeit Radweg oder Stra\u00dfe nach Dittigheim.<\/strong><\/p>\n\n\n\n<p><strong>02.07.&nbsp; &nbsp;Kaltenbrunn<\/strong><\/p>\n\n\n\n<p><strong>Hier die Tickets: <\/strong><a href=\"http:\/\/www.tv-dittigheim.de\/wp-content\/uploads\/2017\/07\/80_Kaltenbrunn.p\" data-type=\"URL\" data-id=\"http:\/\/www.tv-dittigheim.de\/wp-content\/uploads\/2017\/07\/80_Kaltenbrunn.p\">http:\/\/www.tv-dittigheim.de\/wp-content\/uploads\/2017\/07\/80_Kaltenbrunn.p<\/a><\/p>\n\n\n\n<p><strong>09.07.&nbsp; &nbsp;Die drei Wellen von Peter<\/strong><\/p>\n\n\n\n<p><strong>Peter f\u00fchrt die Tour. Hier die Tickets: <\/strong><a href=\"https:\/\/www.tv-dittigheim.de\/wp-content\/uploads\/2017\/05\/91_Die_3_Wellen_von_Peter.pdf\" data-type=\"URL\" data-id=\"https:\/\/www.tv-dittigheim.de\/wp-content\/uploads\/2017\/05\/91_Die_3_Wellen_von_Peter.pdf\">https:\/\/www.tv-dittigheim.de\/wp-content\/uploads\/2017\/05\/91_Die_3_Wellen_von_Peter.pdf<\/a><\/p>\n\n\n\n<p><strong>16.07.&nbsp; &nbsp;Von der Tauber an die Erft. 90 schnelle Kilometer<\/strong><\/p>\n\n\n\n<p><strong>Dittigheim, Hochhausen, Werbach, Niklashausen, Gamburg, Bronnbach, Sachsenhausen, Nassig, Steingasse nach Boxtal, kurz vor Boxtal nach Rauenberg, Ebenheid, Eichenb\u00fchl, Erftal bis Hardheim, Radweg bis Schweinberg auf die H\u00f6he, rasant auf der Bundesstra\u00dfe nach K\u00f6nigheim, und dann gechillt den Radweg nach Dittigheim.<\/strong><\/p>\n\n\n\n<p><strong>Wer m\u00f6chte kann von Nassig \u00fcber Neukirchen nach Eichenb\u00fchl abk\u00fcrzen.<\/strong><\/p>\n\n\n\n<p><strong>23.07.&nbsp; &nbsp;Ins Bauland<\/strong><\/p>\n\n\n\n<p><strong>Ziel ist Eberstadt. Hier die Tickets: <\/strong><a href=\"http:\/\/www.tv-dittigheim.de\/wp-content\/uploads\/2017\/05\/80_Eberstadt.pdf\" data-type=\"URL\" data-id=\"http:\/\/www.tv-dittigheim.de\/wp-content\/uploads\/2017\/05\/80_Eberstadt.pdf\">http:\/\/www.tv-dittigheim.de\/wp-content\/uploads\/2017\/05\/80_Eberstadt.pdf<\/a><\/p>\n\n\n\n<p><strong>30.07.&nbsp; &nbsp;Rolands Geburtstagstour f\u00e4llt aus<\/strong><\/p>\n\n\n\n<p><strong>Die Feier f\u00fcr Roland m\u00fcssen wir leider in den Herbst verschieben.<\/strong><\/p>\n\n\n\n<p><strong>Deswegen fahren wir eine normale Runde bis zur D\u00e4mmerung.<\/strong><\/p>\n\n\n\n<p><strong>Auf dem Radweg nach Distelhausen, \u00fcber den Waltersberg nach Gr\u00fcnsfeld, die Steigung nach Krensheim , dann geht es nach Poppenhausen, Wittighausen, G\u00fctzingen, Allersheim, Euerhausen, Wolkshausen, Sonderhofen, Gelchsheim, Riedenheim, Stalldorf, Bernsfelden, Oesfeld, O-Balbach, U-Balbach, Tauberradweg zur\u00fcck. Ca. 75 km.<\/strong><\/p>\n\n\n\n<p><strong>06.08.&nbsp; &nbsp;Reichenberger Forst, Ca. 75km<\/strong><\/p>\n\n\n\n<p><strong>Hochhausen, Werbach, Altertheim, Kist, Reichenberg, \u00dcngershausen, Geroldshausen, Kirchheim, Wittighausen, Vilchband, Messelhausen, Hofstetten, K\u00f6nigshofen, Radweg nach Dittigheim<\/strong><\/p>\n\n\n\n<p><strong>13.08.&nbsp; &nbsp;Von der Erft an die Tauber. 70km<\/strong><\/p>\n\n\n\n<p><strong>K\u00f6nigheim, Gissi, P\u00fclfi, Bretzi, Hardheim, Dornberg, R\u00fctschdorf, Guggenberg, Riedern, Richelbach, 9Kirchen, Hundheim, K\u00fclsheim, \u00dcssi, Abfahrt Richtung Gamburg, Apfelberg, Hochhausen, Dittigheim.<\/strong><\/p>\n\n\n\n<p><strong>20.08.&nbsp; &nbsp;Wegen Regen ausgefallen<\/strong><\/p>\n\n\n\n<p><strong>27.08.&nbsp; Oberhalb des Taubertals<\/strong><\/p>\n\n\n\n<p><strong>Werbach, Werbachhausen, Altertheim, Neubrunn,&nbsp; Kembach, Dietenhahn,&nbsp;Urphar,&nbsp; Wertheim, Wertheimer Steige auf die H\u00f6he, H\u00f6henweg nach Wagenbuch, H\u00f6hefeld, und dann sehen wir wie viel Zeit noch ist.<\/strong><\/p>\n\n\n\n<p><strong>03.09.&nbsp;&nbsp; Start um 17:30<\/strong><\/p>\n\n\n\n<p><strong>Tauberradweg nach Edelfingen. Im Ort links hoch und die Neue Lindenstra\u00dfe entlang, Funkstation, Reisfeld, Reckartshausen, Oesfeld, B\u00fctthard, Vilchband, U-Wittighausen, Zimmern, Hof Uhlberg, Krensheim, Gr\u00fcnsfeld, Radweg nach Gerlachsheim, Distelhausen, Dittigheim<\/strong><\/p>\n\n\n\n<p><strong>10.09.&nbsp; Ins Bayerische, 69km<\/strong><\/p>\n\n\n\n<p><strong>Dittigheim, Werbach, Nicklashausen, Gamburg, Bronnbach, Neubrunn, Holzkirchhausen, Helmstadt, Oberaltertheim, Wenkheim, Gro\u00dfrinderfeld<\/strong><\/p>\n\n\n\n<p><strong>Alte W\u00fcrzburgerstr. nach TBB, Dittigheim<\/strong><\/p>\n\n\n\n<p><strong>17.09.&nbsp; &nbsp;Assamstadter Schleife<\/strong><\/p>\n\n\n\n<p><strong>Dittwar, Heckfeld, Sch\u00fcpf, Schweigern, Bobstadt, Assamstadt, Jagsttal, Klebsau, Laibach, Rengershausen,&nbsp; Radweg nach Assamstadt, Bobstadt, Schweigern, Epplingen, Kuba, Heckfeld, Dittwar, Dittigheim<\/strong><\/p>\n\n\n\n<p><strong>24.09.&nbsp; &nbsp;Neue Rampe<\/strong><\/p>\n\n\n\n<p><strong>Taubertal bis Waldenhausen, Die Rampe hoch nach Sachsenhausen, D\u00f6rlesberg, Hundheim, Steinbach, Steinfurt, Schweinberg, K\u00f6nigheim, Dittigheim<\/strong><\/p>\n\n\n\n<p><strong>01.10.&nbsp; &nbsp;Start um 17:00<\/strong><\/p>\n\n\n\n<p><strong>Eggenburg. Hier die&nbsp;&lt;a href=&#8220;http:\/\/www.tv-dittigheim.de\/wp-content\/uploads\/2017\/04\/63_Eggenburg.pdf&#8220;&gt;Tickets&lt;\/a&gt;.<\/strong><\/p>\n\n\n\n<p><strong>08.10.&nbsp; &nbsp; Ausgefallen wegen Regen<\/strong><\/p>\n\n\n\n<p><strong>15.10.&nbsp; &nbsp;&nbsp;<\/strong><\/p>\n\n\n\n<p><strong>Col de Pom. Die Tickets: <\/strong><a href=\"http:\/\/www.tv-dittigheim.de\/wp-content\/uploads\/2017\/04\/48_Apfelberg.pdf\" data-type=\"URL\" data-id=\"http:\/\/www.tv-dittigheim.de\/wp-content\/uploads\/2017\/04\/48_Apfelberg.pdf\">http:\/\/www.tv-dittigheim.de\/wp-content\/uploads\/2017\/04\/48_Apfelberg.pdf<\/a><\/p>\n\n\n\n<p><strong>22.10.&nbsp; &nbsp;<\/strong><\/p>\n\n\n\n<p><strong>Abschlussrunde von Roland. Hier die\u00a0Tickets: <\/strong><a href=\"http:\/\/www.tv-dittigheim.de\/wp-content\/uploads\/2018\/10\/Abschlussrunde-2018-Okt-23.pdf\" data-type=\"URL\" data-id=\"http:\/\/www.tv-dittigheim.de\/wp-content\/uploads\/2018\/10\/Abschlussrunde-2018-Okt-23.pdf\">http:\/\/www.tv-dittigheim.de\/wp-content\/uploads\/2018\/10\/Abschlussrunde-2018-Okt-23.pdf<\/a><\/p>\n\n\n\n<p><strong>Saison Ende.<\/strong><\/p>\n","protected":false},"excerpt":{"rendered":"<p>Zeitumstellung 31.3 \u2013 27.10 Weitere Termine: Sonntag, 19.5. W\u00fcrth Marathon Sonntag, 26.5. Wenigumstatt. Bayrisch Hessische Grenzfahrt. Von 58km bis 217km ist alles dabei. http:\/\/www.rsv-wenigumstadt.de\/radsportwochenende\/radmarathoncup Sonntag, 2.6. Herbsthausen Samstag, 8.6. Bimbach RTF: Ohne Anmeldung kann man auf einer 158km Strecke die &hellip; <a href=\"http:\/\/radi.es\/?page_id=31\">Weiterlesen <span class=\"meta-nav\">&rarr;<\/span><\/a><\/p>\n","protected":false},"author":1,"featured_media":0,"parent":29,"menu_order":1,"comment_status":"closed","ping_status":"closed","template":"","meta":{"footnotes":""},"class_list":["post-31","page","type-page","status-publish","hentry"],"_links":{"self":[{"href":"http:\/\/radi.es\/index.php?rest_route=\/wp\/v2\/pages\/31","targetHints":{"allow":["GET"]}}],"collection":[{"href":"http:\/\/radi.es\/index.php?rest_route=\/wp\/v2\/pages"}],"about":[{"href":"http:\/\/radi.es\/index.php?rest_route=\/wp\/v2\/types\/page"}],"author":[{"embeddable":true,"href":"http:\/\/radi.es\/index.php?rest_route=\/wp\/v2\/users\/1"}],"replies":[{"embeddable":true,"href":"http:\/\/radi.es\/index.php?rest_route=%2Fwp%2Fv2%2Fcomments&post=31"}],"version-history":[{"count":1,"href":"http:\/\/radi.es\/index.php?rest_route=\/wp\/v2\/pages\/31\/revisions"}],"predecessor-version":[{"id":32,"href":"http:\/\/radi.es\/index.php?rest_route=\/wp\/v2\/pages\/31\/revisions\/32"}],"up":[{"embeddable":true,"href":"http:\/\/radi.es\/index.php?rest_route=\/wp\/v2\/pages\/29"}],"wp:attachment":[{"href":"http:\/\/radi.es\/index.php?rest_route=%2Fwp%2Fv2%2Fmedia&parent=31"}],"curies":[{"name":"wp","href":"https:\/\/api.w.org\/{rel}","templated":true}]}}