{"id":33,"date":"2022-01-24T18:52:10","date_gmt":"2022-01-24T18:52:10","guid":{"rendered":"http:\/\/radi.es\/?page_id=33"},"modified":"2022-01-24T18:52:10","modified_gmt":"2022-01-24T18:52:10","slug":"touren-2018","status":"publish","type":"page","link":"http:\/\/radi.es\/?page_id=33","title":{"rendered":"Touren 2018"},"content":{"rendered":"\n<p><strong>Zeitumstellung 25.3 \u2013 28.10<\/strong><\/p>\n\n\n\n<p><strong>Wir starten immer alle zusammen und besprechen vor der Tour ob und wo wir uns teilen.<\/strong><\/p>\n\n\n\n<p><strong>Die ersten 10km fahren wir uns ein. Nicht jeder hat eine Anfahrt und ist schon warm.<\/strong><\/p>\n\n\n\n<p><strong>Start im M\u00e4rz und April um&nbsp;17:30<\/strong><\/p>\n\n\n\n<p><strong>Mai bis August um&nbsp;18:00<\/strong><\/p>\n\n\n\n<p><strong>September&nbsp;17:30<\/strong><\/p>\n\n\n\n<p><strong>Oktober&nbsp;17:00<\/strong><\/p>\n\n\n\n<p><strong>Weitere Termine:<\/strong><\/p>\n\n\n\n<p><strong>Sonntag, 13.5. Herbsthausen<\/strong><\/p>\n\n\n\n<p><strong>Donnerstag, 31.5. Fronleichnams Prozession 300+X. Vorschl\u00e4ge sind willkommen.<\/strong><\/p>\n\n\n\n<p><strong>Wer Franken kennen lernen m\u00f6chte:&nbsp;&lt;a href=&#8220;http:\/\/www.mittelfrankencup.de\/&#8220;&gt;http:\/\/www.mittelfrankencup.de\/&lt;\/a&gt;<\/strong><\/p>\n\n\n\n<p><strong>Noch eine Idee f\u00fcr eine gemeinsame Teilnahme:&nbsp; am 22.7. ist der&nbsp;&lt;a href=&#8220;http:\/\/www.rhoenerkuppenritt.de\/&#8220; target=&#8220;_blank&#8220; rel=&#8220;noopener noreferrer&#8220;&gt;Rh\u00f6ner Kuppen Ritt&lt;\/a&gt;.<\/strong><\/p>\n\n\n\n<p><strong>Dieses Jahr gibt es 31 Dienstags-Ausfahrten.<\/strong><\/p>\n\n\n\n<p><strong>27.03.2018&nbsp; &nbsp; &nbsp; Start um 17:30. Saisoner\u00f6ffnung.<\/strong><\/p>\n\n\n\n<p><strong>Welzbachtal Runde wie jedes Jahr.&nbsp; Diesmal erst Richtung Gr\u00fcnsfeld.<\/strong><\/p>\n\n\n\n<p><strong>03.04.2018<\/strong><\/p>\n\n\n\n<p><strong>Heute fahren wir eine Klassiker Runde. Ein 2 Varianten Vorschlag von Roland: Hier die&nbsp;&lt;a href=&#8220;http:\/\/www.tv-dittigheim.de\/wp-content\/uploads\/2018\/04\/Tour180403.doc&#8220; target=&#8220;_blank&#8220; rel=&#8220;noopener noreferrer&#8220;&gt;Tickets&lt;\/a&gt;.<\/strong><\/p>\n\n\n\n<p><strong>10.04.2018<\/strong><\/p>\n\n\n\n<p><strong>Hochhausen, Werbach, Niklashausen, Gamburg, Bronnbach, Reicholzheim, Sachsenhausen, D\u00f6rlesberg, Hundheim, Steinbach, K\u00fclsheim, \u00dcssi, Apfelberg, Hochhausen, Dittigheim.<\/strong><\/p>\n\n\n\n<p><strong>Daten: 60km 2h<\/strong><\/p>\n\n\n\n<p><strong>17.04.2018<\/strong><\/p>\n\n\n\n<p><strong>Assamstadter Schleife: Dittwar, Heckfeld, Sch\u00fcpf, Schweigern, Bobstadt, Assamstadt, Jagsttal, Klebsau, Laibach, Rengershausen,&nbsp; Radweg nach Assamstadt,&nbsp;Bobstadt, Schweigern,&nbsp;Epplingen, Kuba, Heckfeld, Dittwar, Dittigheim.<\/strong><\/p>\n\n\n\n<p><strong>24.04.2018<\/strong><\/p>\n\n\n\n<p><strong>4 Buckel Runde: Hochhausen, Werbach, Werbachhausen, Wenkheim, Neubrunn,&nbsp; Kembach, hoch zur Bundesstra\u00dfe und diese \u00fcberqueren, H\u00f6hefeld, Bronnbach, Gamburg, \u00dcssi, Eiersheim,&nbsp; Tauber, Dittigheim<\/strong><\/p>\n\n\n\n<p><strong>01.05.2018&nbsp; &nbsp; &nbsp; Ab Mai Start um 18:00<\/strong><\/p>\n\n\n\n<p><strong>Je nach Wunsch k\u00f6nnen wir auch am Tag der Arbeit eine Tour fahren.<\/strong><\/p>\n\n\n\n<p><strong>08.05.2018&nbsp;<\/strong><\/p>\n\n\n\n<p><strong>Hochhausen, Werbach, Taubertal bis Bronnbach, K\u00fclsheim,&nbsp; Steinfurt, Schweinberg, P\u00fclfi, Bremen (direkter Weg), Buch, Heckfeld, Dittwar, Dittigheim.<\/strong><\/p>\n\n\n\n<p><strong>15.05.2018&nbsp; &nbsp; &nbsp; Wessental, Kapelle. Hier die&nbsp;&lt;a href=&#8220;http:\/\/www.tv-dittigheim.de\/wp-content\/uploads\/2017\/05\/78_Wessental1.pdf&#8220; target=&#8220;_blank&#8220; rel=&#8220;noopener noreferrer&#8220;&gt;Tickets&lt;\/a&gt;.<\/strong><\/p>\n\n\n\n<p><strong>22.05.2018&nbsp; &nbsp; &nbsp; Eberstadt. Hier die&nbsp;&lt;a href=&#8220;http:\/\/www.tv-dittigheim.de\/wp-content\/uploads\/2017\/05\/80_Eberstadt.pdf&#8220; target=&#8220;_blank&#8220; rel=&#8220;noopener noreferrer&#8220;&gt;Tickets.&lt;\/a&gt;<\/strong><\/p>\n\n\n\n<p><strong>29.05.2018&nbsp; &nbsp; &nbsp;&nbsp;Erlenbach. Hier die&nbsp;&lt;a href=&#8220;http:\/\/www.tv-dittigheim.de\/wp-content\/uploads\/2017\/05\/95_Erlenbach.pdf&#8220;&gt;Tickets.&lt;\/a&gt;<\/strong><\/p>\n\n\n\n<p><strong>05.06.2018&nbsp; &nbsp; &nbsp;&nbsp;Morretal. Hier die&lt;a href=&#8220;http:\/\/www.tv-dittigheim.de\/wp-content\/uploads\/2017\/05\/95_Morretal_Variante1.pdf&#8220;&gt;&nbsp;Tickets.&lt;\/a&gt;<\/strong><\/p>\n\n\n\n<p><strong>12.06.2018&nbsp; &nbsp; &nbsp;&nbsp;Eine der beliebten Roland Touren. <\/strong><strong>Hier die&nbsp;&lt;a href=&#8220;http:\/\/www.tv-dittigheim.de\/?p=13680&#8243; target=&#8220;_blank&#8220; rel=&#8220;noopener noreferrer&#8220;&gt;Tickets.&lt;\/a&gt;<\/strong><\/p>\n\n\n\n<p><strong>19.06.2018&nbsp; &nbsp; &nbsp; Miltenberg Wertheim.<\/strong><\/p>\n\n\n\n<p><strong>26.06.2018&nbsp; &nbsp; &nbsp;3 Wellen von Peter. Hier die&lt;a href=&#8220;http:\/\/www.tv-dittigheim.de\/wp-content\/uploads\/2017\/05\/91_Die_3_Wellen_von_Peter.pdf&#8220;&gt;&nbsp;Tickets.&lt;\/a&gt;<\/strong><\/p>\n\n\n\n<p><strong>03.07.2018&nbsp; &nbsp; &nbsp; Oberhalb vom Morretal<\/strong><\/p>\n\n\n\n<p><strong>K\u00f6nigheim, Hardheim, H\u00f6pfingen, Glashofen, Neusass, Gerolzahn, Rippberg, Radweg nach Schneeberg, Hambrunn, Hornbach,&nbsp; Hainstatt, Wald\u00fcrn, H\u00f6pfi, Hardheim, K\u00f6nigheim, Dittigheim<\/strong><\/p>\n\n\n\n<p><strong>10.07.2018&nbsp; &nbsp; &nbsp;Rolfs Runde<\/strong><\/p>\n\n\n\n<p><strong>Dittiche-Ubb-Obb-Bernsfelden-&lt;wbr \/&gt;Stalldorf-R\u00f6ttingen-&lt;wbr \/&gt;Laudenbach-Herrenzimmern-&lt;wbr \/&gt;Sch\u00f6nb\u00fchl-Herbsthausen-Mgh-&lt;wbr \/&gt;Dittiche<\/strong><\/p>\n\n\n\n<p><strong>17.07.2018&nbsp; &nbsp;&nbsp;Rolfs&nbsp;&#8222;Nove Colli&#8220;<\/strong><\/p>\n\n\n\n<p><strong>Dittiche-Lauda-Dainbach-Mgh-&lt;wbr \/&gt;Assamstadt-Windischbuch-&lt;wbr \/&gt;Boxberg-Uiffi-(Eubi)-Ahorn-&lt;wbr \/&gt;Kuba-Heckfeld-Dittwar-Dittiche<\/strong><\/p>\n\n\n\n<p><strong>24.07.2018&nbsp; &nbsp; &nbsp;&nbsp;Heute f\u00fchrt uns Emmerich an den Main. 88 km stehen auf dem Plan:<\/strong><\/p>\n\n\n\n<p><strong>Gr\u00fcnsfeld-Sch\u00f6nfeld-Kleinrinderfeld-Reichenberg-Fuchsstadt-Winterhausen-Gossmanndorf-Darstadt-Ingolstadt-Kirchheim-Krensheim-Paimar-Gerlachsheim-Dittigheim<\/strong><\/p>\n\n\n\n<p><strong>31.07.2018&nbsp; &nbsp; &nbsp;&nbsp;Tour mit \u00dcberraschung:<\/strong><\/p>\n\n\n\n<p><strong>Werbach, Werbachhausen, Altertheim, Neubrunn,&nbsp; Kembach, Dietenhahn,&nbsp;Urphar,&nbsp; Wertheim, Wertheimer Steige auf die H\u00f6he, H\u00f6henweg nach Wagenbuch, H\u00f6hefeld, und dann sehen wir wie viel Zeit noch ist.<\/strong><\/p>\n\n\n\n<p><strong>07.08.2018&nbsp; &nbsp; &nbsp;&nbsp;Kaltenbrunn.&nbsp;Hier die&nbsp;&lt;a href=&#8220;http:\/\/www.tv-dittigheim.de\/wp-content\/uploads\/2017\/07\/80_Kaltenbrunn.pdf&#8220; target=&#8220;_blank&#8220; rel=&#8220;noopener noreferrer&#8220;&gt;Tickets&lt;\/a&gt;.<\/strong><\/p>\n\n\n\n<p><strong>14.08.2018&nbsp; &nbsp; &nbsp; Skulpturenradweg. &nbsp;Hier die&nbsp;&lt;a href=&#8220;http:\/\/www.tv-dittigheim.de\/wp-content\/uploads\/2016\/08\/75_Skulpturen_Radweg.docx&#8220; target=&#8220;_blank&#8220; rel=&#8220;noopener noreferrer&#8220;&gt;Tickets&lt;\/a&gt;.<\/strong><\/p>\n\n\n\n<p><strong>21.08.2018&nbsp;&nbsp;&nbsp;&nbsp;&nbsp; Herrenzimmern. Hier die&nbsp;&lt;a href=&#8220;http:\/\/www.tv-dittigheim.de\/wp-content\/uploads\/2017\/08\/70_Herrenzimmern.pdf&#8220; target=&#8220;_blank&#8220; rel=&#8220;noopener noreferrer&#8220;&gt;Tickets&lt;\/a&gt;.<\/strong><\/p>\n\n\n\n<p><strong>28.08.2018&nbsp; &nbsp; &nbsp; H\u00fcgelige Runde nach W\u00fcstenzell. Hier die&nbsp;&lt;a href=&#8220;http:\/\/www.tv-dittigheim.de\/wp-content\/uploads\/2017\/08\/70_Wuestenzell.pdf&#8220; target=&#8220;_blank&#8220; rel=&#8220;noopener noreferrer&#8220;&gt;Tickets&lt;\/a&gt;.<\/strong><\/p>\n\n\n\n<p><strong>04.09.2018&nbsp;&nbsp; &nbsp;&nbsp;&nbsp;Start um 17:30<\/strong><\/p>\n\n\n\n<p><strong>Hochhausen, \u00fcber den Col de Pomme nach Gamburg, Bronnbach, H\u00f6hefeld, Neubrunn, Wenkheim, Werbachhausen,&nbsp; Brunntal, Gro\u00dfrinderfeld, Alte W\u00fcrzburgerstr. nach Tauber<\/strong><\/p>\n\n\n\n<p><strong>11.09.2018&nbsp; &nbsp; &nbsp;Waldbrunn (Radweg), Kembach, Taubertal heim. <\/strong><strong>Hier &nbsp;die&nbsp;&lt;a href=&#8220;http:\/\/www.tv-dittigheim.de\/wp-content\/uploads\/2017\/04\/65_Waldbrunn.pdf&#8220; target=&#8220;_blank&#8220; rel=&#8220;noopener noreferrer&#8220;&gt;Tickets&lt;\/a&gt;.<\/strong><\/p>\n\n\n\n<p><strong>18.09.2018<\/strong><\/p>\n\n\n\n<p><strong>Heckfeld, Buch, Eubigheim, Gerichtstetten, Hardheim, An der Kaserne vorbei nach Steinfurt, K\u00fclsheim, Landstra\u00dfe bis Abzweigung ADAC H\u00fctte, Langes Feld, K\u00f6nigheim, Dittigheim<\/strong><\/p>\n\n\n\n<p><strong>25.09.2018&nbsp; &nbsp; &nbsp;&nbsp;Eggenburg. Hier die&nbsp;&lt;a href=&#8220;http:\/\/www.tv-dittigheim.de\/wp-content\/uploads\/2017\/04\/63_Eggenburg.pdf&#8220;&gt;Tickets&lt;\/a&gt;.<\/strong><\/p>\n\n\n\n<p><strong>02.10.2018&nbsp; &nbsp; &nbsp;&nbsp;Start um 17:00<\/strong><\/p>\n\n\n\n<p><strong>09.10.2018&nbsp;&nbsp; &nbsp; &nbsp;Am Rande des Gaulandes. <\/strong><strong>Hier die&nbsp;&lt;a href=&#8220;http:\/\/www.tv-dittigheim.de\/wp-content\/uploads\/2017\/04\/55_Gaurand.pdf&#8220; target=&#8220;_blank&#8220; rel=&#8220;noopener noreferrer&#8220;&gt;Tickets&lt;\/a&gt;.<\/strong><\/p>\n\n\n\n<p><strong>16.10.2018&nbsp;&nbsp; &nbsp; &nbsp;Col de Pom. Die&nbsp;&lt;a href=&#8220;http:\/\/www.tv-dittigheim.de\/wp-content\/uploads\/2017\/04\/48_Apfelberg.pdf&#8220; target=&#8220;_blank&#8220; rel=&#8220;noopener noreferrer&#8220;&gt;Tickets&lt;\/a&gt;.<\/strong><\/p>\n\n\n\n<p><strong>23.10.2018&nbsp; &nbsp; &nbsp; Abschlussrunde von Roland. Hier die&nbsp;&lt;a href=&#8220;http:\/\/www.tv-dittigheim.de\/wp-content\/uploads\/2018\/10\/Abschlussrunde-2018-Okt-23.pdf&#8220;&gt;Tickets&lt;\/a&gt;.<\/strong><\/p>\n\n\n\n<p><strong>Saison Ende.<\/strong><\/p>\n","protected":false},"excerpt":{"rendered":"<p>Zeitumstellung 25.3 \u2013 28.10 Wir starten immer alle zusammen und besprechen vor der Tour ob und wo wir uns teilen. Die ersten 10km fahren wir uns ein. Nicht jeder hat eine Anfahrt und ist schon warm. Start im M\u00e4rz und &hellip; <a href=\"http:\/\/radi.es\/?page_id=33\">Weiterlesen <span class=\"meta-nav\">&rarr;<\/span><\/a><\/p>\n","protected":false},"author":1,"featured_media":0,"parent":29,"menu_order":2,"comment_status":"closed","ping_status":"closed","template":"","meta":{"footnotes":""},"class_list":["post-33","page","type-page","status-publish","hentry"],"_links":{"self":[{"href":"http:\/\/radi.es\/index.php?rest_route=\/wp\/v2\/pages\/33","targetHints":{"allow":["GET"]}}],"collection":[{"href":"http:\/\/radi.es\/index.php?rest_route=\/wp\/v2\/pages"}],"about":[{"href":"http:\/\/radi.es\/index.php?rest_route=\/wp\/v2\/types\/page"}],"author":[{"embeddable":true,"href":"http:\/\/radi.es\/index.php?rest_route=\/wp\/v2\/users\/1"}],"replies":[{"embeddable":true,"href":"http:\/\/radi.es\/index.php?rest_route=%2Fwp%2Fv2%2Fcomments&post=33"}],"version-history":[{"count":1,"href":"http:\/\/radi.es\/index.php?rest_route=\/wp\/v2\/pages\/33\/revisions"}],"predecessor-version":[{"id":34,"href":"http:\/\/radi.es\/index.php?rest_route=\/wp\/v2\/pages\/33\/revisions\/34"}],"up":[{"embeddable":true,"href":"http:\/\/radi.es\/index.php?rest_route=\/wp\/v2\/pages\/29"}],"wp:attachment":[{"href":"http:\/\/radi.es\/index.php?rest_route=%2Fwp%2Fv2%2Fmedia&parent=33"}],"curies":[{"name":"wp","href":"https:\/\/api.w.org\/{rel}","templated":true}]}}