{"id":42,"date":"2022-01-24T18:56:31","date_gmt":"2022-01-24T18:56:31","guid":{"rendered":"http:\/\/radi.es\/?page_id=42"},"modified":"2022-01-24T18:56:31","modified_gmt":"2022-01-24T18:56:31","slug":"touren-2015","status":"publish","type":"page","link":"http:\/\/radi.es\/?page_id=42","title":{"rendered":"Touren 2015"},"content":{"rendered":"\n<p>Radi Ausfahrten 2015<\/p>\n\n\n\n<p>Start immer am Dienstag an der TVD Halle in Dittigheim.<\/p>\n\n\n\n<p><strong>1. Ausfahrt 31.3. 17:30 Uhr<\/strong><\/p>\n\n\n\n<p>Nach der Zeitumstellung am 29.3 endet auch die Radilose Zeit.<\/p>\n\n\n\n<p>Traditionell fahren wir \u00fcber Gr\u00fcnsfeld die Gauautobahn nach Gerchsheim und das Welzbachtal wieder zur\u00fcck.<\/p>\n\n\n\n<p><strong>2. Ausfahrt 7.4.&nbsp;&nbsp;17:30 Uhr<\/strong><\/p>\n\n\n\n<p>Heute geht es nach Neidelsbach.&nbsp;<a href=\"http:\/\/www.tv-dittigheim.de\/wp-content\/uploads\/2015\/02\/051-km-Tour121009.doc\">Hier die Route zum ausdrucken.<\/a><\/p>\n\n\n\n<p><strong>3. Ausfahrt 14.4&nbsp;&nbsp;17:30 Uhr<\/strong><\/p>\n\n\n\n<p>Nach Epplingen. &nbsp;<a href=\"http:\/\/www.tv-dittigheim.de\/wp-content\/uploads\/2015\/02\/053-km-Tour111004.doc\">Hier die Route zum ausdrucken.<\/a><\/p>\n\n\n\n<p><strong>4. Ausfahrt 21.4&nbsp;&nbsp;17:30 Uhr<\/strong><\/p>\n\n\n\n<p>Ausfahrt wie letztes Jahr: Nach Gaurettersheim.&nbsp;<a href=\"http:\/\/www.tv-dittigheim.de\/wp-content\/uploads\/2015\/01\/Tour150421.doc\" target=\"_blank\" rel=\"noreferrer noopener\">Hier die Route zum ausdrucken.<\/a><\/p>\n\n\n\n<p><strong>5. Ausfahrt 28.4 17:30 Uhr<\/strong><\/p>\n\n\n\n<p>\u00dcber Umwege ins Taubertal.&nbsp;<a href=\"http:\/\/www.tv-dittigheim.de\/wp-content\/uploads\/2015\/02\/057-km-Tour110426.doc\">Hier die Route zum ausdrucken.<\/a><\/p>\n\n\n\n<p><strong>6. Ausfahrt 5.5 18:00 Uhr: Aufgepasst: ab Mai treffen wir uns wieder um 18:00 Uhr !<\/strong><\/p>\n\n\n\n<p>Es geht ins Bauland:&nbsp;<a href=\"http:\/\/www.tv-dittigheim.de\/wp-content\/uploads\/2015\/05\/20150505_66.doc\" target=\"_blank\" rel=\"noreferrer noopener\">Hier die Route zum ausdrucken<\/a>.<\/p>\n\n\n\n<p><strong>7. Ausfahrt 12.5. 18:00 Uhr<\/strong><\/p>\n\n\n\n<p>Heute sind einige knackige Steigungen dabei.&nbsp;<a href=\"http:\/\/www.tv-dittigheim.de\/wp-content\/uploads\/2015\/05\/20150512_651.doc\" target=\"_blank\" rel=\"noreferrer noopener\">Hier die Route zum ausdrucken<\/a>.<\/p>\n\n\n\n<p><strong>RTF Herbsthausen 17.5: Treffpunkt 8:00&nbsp;Uhr Dittigheim Kirche f\u00fcr die 83 km Runde. &nbsp;Diese geht bis Spielbach.&nbsp;<\/strong><\/p>\n\n\n\n<p><strong>8. Ausfahrt 19.5. 18:00 Uhr<\/strong><\/p>\n\n\n\n<p>Es geht ins Erftal.&nbsp;<a href=\"http:\/\/www.tv-dittigheim.de\/wp-content\/uploads\/2015\/05\/20150519_73.doc\" target=\"_blank\" rel=\"noreferrer noopener\">Hier die Route zum ausdrucken<\/a>.<\/p>\n\n\n\n<p><strong>9. Ausfahrt 26.5. 18:00 Uhr<\/strong><\/p>\n\n\n\n<p>Heute gehts \u00fcbers Gau ins s\u00fcdliche Taubertal.&nbsp;<a href=\"http:\/\/www.tv-dittigheim.de\/wp-content\/uploads\/2015\/05\/20150526_80.doc\" target=\"_blank\" rel=\"noreferrer noopener\">Hier die Route zum ausdrucken.<\/a><\/p>\n\n\n\n<p><strong>10. Ausfahrt 2.6. 18:00 Uhr<\/strong><\/p>\n\n\n\n<p>Ochsenfurt ist heute das Ziel:&nbsp;<a href=\"http:\/\/www.tv-dittigheim.de\/wp-content\/uploads\/2015\/05\/20150602_82.doc\" target=\"_blank\" rel=\"noreferrer noopener\">Hier die Route zum ausdrucken.<\/a><\/p>\n\n\n\n<p><strong>Fronleichnam Tour 4.6: Treffpunkt Dittigheim Kirche 6:00 Uhr. Nach Fulda und zur\u00fcck. Am Ende waren es 305 km in 11:30 h.<\/strong><\/p>\n\n\n\n<p><strong>11. Ausfahrt 9.6. 18:00 Uhr<\/strong><\/p>\n\n\n\n<p>Wieder nach Ochsenfurt. Aber andere Strecke.&nbsp;<a href=\"http:\/\/www.tv-dittigheim.de\/wp-content\/uploads\/2015\/05\/20150609_87.doc\" target=\"_blank\" rel=\"noreferrer noopener\">Hier die Route zum ausdrucken.<\/a><\/p>\n\n\n\n<p><strong>12. Ausfahrt 16.6. &nbsp;Wir starten heute um 17:00 Uhr um die lange Runde zu schaffen.<\/strong><\/p>\n\n\n\n<p>Neu im Programm : Dittigheim-Wertheim-Hasloch-Schollbrunn-Rastst\u00e4tte im Spessart-Hafenlohrtal-Marktheidenfeld-W\u00fcstenzell-Neubrunn-Niklashausen-Fahrradweg heim.<\/p>\n\n\n\n<p>Ca. 120 km. Toller 9 km Anstieg nach Rohrbrunn. Hier die Route zum&nbsp;<a href=\"http:\/\/www.tv-dittigheim.de\/wp-content\/uploads\/2015\/06\/20150616_120.docx\">ausdrucken<\/a>.<\/p>\n\n\n\n<p><strong>13. Ausfahrt 23.6. 18:00 Uhr.&nbsp;<\/strong><\/p>\n\n\n\n<p>L\u00e4ngster Tag und fast l\u00e4ngste Ausfahrt: \u00dcber Miltenberg und Wertheim zur\u00fcck nach Dittigheim.<\/p>\n\n\n\n<p><strong>14. Ausfahrt 30.6. 18:00 Uhr<\/strong><\/p>\n\n\n\n<p>Neu im Programm: Das Morretal bei Buchen. Eines der sch\u00f6nsten Odenwaldt\u00e4ler.<\/p>\n\n\n\n<p>Ca. 101km. Hier die Route zum&nbsp;<a href=\"http:\/\/www.tv-dittigheim.de\/wp-content\/uploads\/2015\/06\/20150630_101.docx\">ausdrucken.<\/a><\/p>\n\n\n\n<p><strong>15. Ausfahrt 7.7. 18:00 Uhr<\/strong><\/p>\n\n\n\n<p>Neu im Programm: Schweigern-Assamstadt-D\u00f6rzbach-EBM Papst Werk-Zaisenhausen-Bartenstein-Herbsthausen-Rot-MGH-Fahrradweg zur\u00fcck.<\/p>\n\n\n\n<p>Ca. 100 km. Hier die Route zum&nbsp;<a href=\"http:\/\/www.tv-dittigheim.de\/wp-content\/uploads\/2015\/06\/20150630_100.docx\">ausdrucken.<\/a><\/p>\n\n\n\n<p><strong>16. Ausfahrt 14.7. 18:00 Uhr<\/strong><\/p>\n\n\n\n<p>Wir fahren ins Eiterbachtal im Odenwald. Hier die Route zum&nbsp;<a href=\"http:\/\/www.tv-dittigheim.de\/wp-content\/uploads\/2015\/07\/20150714_87.docx\" target=\"_blank\" rel=\"noreferrer noopener\">ausdrucken<\/a>.<\/p>\n\n\n\n<p><strong>17. Ausfahrt 21.7. 18:00 Uhr<\/strong><\/p>\n\n\n\n<p>Es geht wieder in den Odenwald. Diesmal nach&nbsp;<a href=\"http:\/\/www.tv-dittigheim.de\/wp-content\/uploads\/2015\/07\/20150721_80.doc\" target=\"_blank\" rel=\"noreferrer noopener\">Kaltenbrunn<\/a>.<\/p>\n\n\n\n<p><strong>18. Ausfahrt 28.7. 18:00 Uhr<\/strong><\/p>\n\n\n\n<p>Diesmal fahren wir ins Bauland nach&nbsp;<a href=\"http:\/\/www.tv-dittigheim.de\/wp-content\/uploads\/2015\/07\/20150728_78.doc\" target=\"_blank\" rel=\"noreferrer noopener\">Oberndorf<\/a>.<\/p>\n\n\n\n<p><strong>19. Ausfahrt 4.8. 18:00 Uhr<\/strong><\/p>\n\n\n\n<p>Wieder eine klassische Tour von Roland. Hier die Route zum&nbsp;<a href=\"http:\/\/www.tv-dittigheim.de\/wp-content\/uploads\/2015\/07\/20150804_76.doc\" target=\"_blank\" rel=\"noreferrer noopener\">ausdrucken<\/a>.<\/p>\n\n\n\n<p><strong>20. Ausfahrt 11.8. 18:00 Uhr<\/strong><\/p>\n\n\n\n<p>Zum Skulpturen Radweg nach<a href=\"http:\/\/www.tv-dittigheim.de\/wp-content\/uploads\/2015\/07\/20150811_75.doc\" target=\"_blank\" rel=\"noreferrer noopener\">&nbsp;Bronnacker<\/a>.<\/p>\n\n\n\n<p><strong>21. Ausfahrt 18.8 18:00 Uhr<\/strong><\/p>\n\n\n\n<p>Nach<a href=\"http:\/\/www.tv-dittigheim.de\/wp-content\/uploads\/2015\/07\/20150818_70.doc\" target=\"_blank\" rel=\"noreferrer noopener\">&nbsp;M\u00e4delhofen<\/a>.<\/p>\n\n\n\n<p><strong>22. Ausfahrt 25.8. 18:00 Uhr<\/strong><\/p>\n\n\n\n<p>\u00dcber die H\u00f6he nach Wertheim und im Taubertal zur\u00fcck. Hier die Route zum<a href=\"http:\/\/www.tv-dittigheim.de\/wp-content\/uploads\/2015\/08\/20150825_70.doc\" target=\"_blank\" rel=\"noreferrer noopener\">&nbsp;ausdrucken<\/a>.<\/p>\n\n\n\n<p><strong>23. Ausfahrt 1.9&nbsp;17:30 Uhr. Aufgepasst: Ab September starten wir eine halbe Stunde fr\u00fcher.&nbsp;<\/strong><\/p>\n\n\n\n<p>Wegen Regen ausgefallen.<\/p>\n\n\n\n<p><strong>24. Ausfahrt 8.9&nbsp;17:30 Uhr<\/strong><\/p>\n\n\n\n<p>Eine Tour mit vielen Steigungen auf landwirtschaftlichen Wegen. Hier die Route zum&nbsp;<a href=\"http:\/\/www.tv-dittigheim.de\/wp-content\/uploads\/2015\/09\/20150908_55.docx\">ausdrucken<\/a>.<\/p>\n\n\n\n<p><strong>25. Ausfahrt 15.9&nbsp;17:30 Uhr<\/strong><\/p>\n\n\n\n<p>Mal sehen ob wir die noch schaffen. Ansonsten k\u00fcrzen wir ab. Hier die Route zum&nbsp;<a href=\"http:\/\/www.tv-dittigheim.de\/wp-content\/uploads\/2015\/09\/20150915_61.doc\">ausdrucken<\/a>.<\/p>\n\n\n\n<p><strong>26. Ausfahrt 22.9 17:30&nbsp;Uhr<\/strong><\/p>\n\n\n\n<p>Hier die Route zum&nbsp;<a href=\"http:\/\/www.tv-dittigheim.de\/wp-content\/uploads\/2015\/09\/20150922_57.doc\">ausdrucken<\/a>.<\/p>\n\n\n\n<p><strong>27. Ausfahrt 29.9&nbsp;17:30 Uhr<\/strong><\/p>\n\n\n\n<p>Seltenes Ziel: Helmstheimer Hof. Hier die Route zum&nbsp;<a href=\"http:\/\/www.tv-dittigheim.de\/wp-content\/uploads\/2015\/09\/20150929_52.docx\">ausdrucken<\/a>.<\/p>\n\n\n\n<p><strong>28. Ausfahrt 6.10 17:00 Uhr. Aufgepasst: Start um 17:00 Uhr<\/strong><\/p>\n\n\n\n<p>Hier die Route zum&nbsp;<a href=\"http:\/\/www.tv-dittigheim.de\/wp-content\/uploads\/2015\/09\/20151006_52.doc\">ausdrucken<\/a>.<\/p>\n\n\n\n<p><strong>29. Ausfahrt 13.10 17:00 Uhr<\/strong><\/p>\n\n\n\n<p>Hier die Route zum&nbsp;<a href=\"http:\/\/www.tv-dittigheim.de\/wp-content\/uploads\/2015\/09\/20151013_52.doc\">ausdrucken<\/a>.<\/p>\n\n\n\n<p><strong>30. Ausfahrt 20.10 17:00 Uhr. Letzte Runde.<\/strong><\/p>\n\n\n\n<p>Hier die Route zum&nbsp;<a href=\"http:\/\/www.tv-dittigheim.de\/wp-content\/uploads\/2015\/09\/20151020_49.doc\">ausdrucken<\/a>.<\/p>\n","protected":false},"excerpt":{"rendered":"<p>Radi Ausfahrten 2015 Start immer am Dienstag an der TVD Halle in Dittigheim. 1. Ausfahrt 31.3. 17:30 Uhr Nach der Zeitumstellung am 29.3 endet auch die Radilose Zeit. Traditionell fahren wir \u00fcber Gr\u00fcnsfeld die Gauautobahn nach Gerchsheim und das Welzbachtal &hellip; <a href=\"http:\/\/radi.es\/?page_id=42\">Weiterlesen <span class=\"meta-nav\">&rarr;<\/span><\/a><\/p>\n","protected":false},"author":1,"featured_media":0,"parent":29,"menu_order":5,"comment_status":"closed","ping_status":"closed","template":"","meta":{"footnotes":""},"class_list":["post-42","page","type-page","status-publish","hentry"],"_links":{"self":[{"href":"http:\/\/radi.es\/index.php?rest_route=\/wp\/v2\/pages\/42","targetHints":{"allow":["GET"]}}],"collection":[{"href":"http:\/\/radi.es\/index.php?rest_route=\/wp\/v2\/pages"}],"about":[{"href":"http:\/\/radi.es\/index.php?rest_route=\/wp\/v2\/types\/page"}],"author":[{"embeddable":true,"href":"http:\/\/radi.es\/index.php?rest_route=\/wp\/v2\/users\/1"}],"replies":[{"embeddable":true,"href":"http:\/\/radi.es\/index.php?rest_route=%2Fwp%2Fv2%2Fcomments&post=42"}],"version-history":[{"count":1,"href":"http:\/\/radi.es\/index.php?rest_route=\/wp\/v2\/pages\/42\/revisions"}],"predecessor-version":[{"id":43,"href":"http:\/\/radi.es\/index.php?rest_route=\/wp\/v2\/pages\/42\/revisions\/43"}],"up":[{"embeddable":true,"href":"http:\/\/radi.es\/index.php?rest_route=\/wp\/v2\/pages\/29"}],"wp:attachment":[{"href":"http:\/\/radi.es\/index.php?rest_route=%2Fwp%2Fv2%2Fmedia&parent=42"}],"curies":[{"name":"wp","href":"https:\/\/api.w.org\/{rel}","templated":true}]}}