{"id":8,"date":"2022-01-21T19:16:14","date_gmt":"2022-01-21T19:16:14","guid":{"rendered":"http:\/\/radi.es\/?page_id=8"},"modified":"2022-01-24T18:05:20","modified_gmt":"2022-01-24T18:05:20","slug":"touren-2021","status":"publish","type":"page","link":"http:\/\/radi.es\/?page_id=8","title":{"rendered":"Touren 2021"},"content":{"rendered":"\n<p><strong>30.03.2021 Start 17:30<\/strong><strong><\/strong><\/p>\n\n\n\n<p>niemand da<\/p>\n\n\n\n<p><strong>06.04.2021<\/strong><strong><\/strong><\/p>\n\n\n\n<p>Schnee<\/p>\n\n\n\n<p><strong>13.04.2021<\/strong><strong><\/strong><\/p>\n\n\n\n<p>Bronnbach, K\u00fclse, Schweini, P\u00fclfi, Buch, heim<\/p>\n\n\n\n<p><strong>20.04.2021 <\/strong><strong><\/strong><\/p>\n\n\n\n<p>62km. Hof Steinbach, Dittwar, Gissi, P\u00fclfi, Waldstetten, Altheim, Sindolzheim, Hohenstadt, Eubi, Buch , Heckfeld, heim.<\/p>\n\n\n\n<p><strong>27.04.2021<\/strong><strong><\/strong><\/p>\n\n\n\n<p>76 km. Heckfeld, Kuba, \u00dcffi, Gr\u00e4ffi, Gericht, Harde, K\u00fclse, Bronnbach, heim<\/p>\n\n\n\n<p><strong>04.05.2021 Start 18:00<\/strong><strong><\/strong><\/p>\n\n\n\n<p>ausgefallen wegen Regen.<\/p>\n\n\n\n<p><strong>11.05.2021<\/strong><strong><\/strong><\/p>\n\n\n\n<p>ausgefallen wegen Regen.<\/p>\n\n\n\n<p>Buch, Hohenstadt, Sindolzheim, Bofsheim, G\u00f6tzingen, Rinschheim, Richtung Altheim aber L518 nach Walld\u00fcrn, Waldstetten, P\u00fclfi, heim<\/p>\n\n\n\n<p><strong>18.05.2021<\/strong><strong><\/strong><\/p>\n\n\n\n<p>82km. Hochhausen, Taubertal bis Wertheim, Urphar Radweg, Kembach, Neubrunn, H\u00f6hefeld, Bronnbach, K\u00fclsheim, \u00dcssi, Apfelberg, Hochhausen.<\/p>\n\n\n\n<p><strong>25.05.2021<\/strong><\/p>\n\n\n\n<p>90km Dittwar, Gissi, P\u00fclfi, Bretzi, Waldst., Wald\u00fcrn, Glashofen, Wettersdorf, Vollmersdorf, R\u00fctschdorf, Guttenberg, Riedern, \u00a0Richelbach, Neukirchen,Nassig,Sachsenhausen, Reichelse, Bronnbach, heim.<\/p>\n\n\n\n<p><strong>01.06.2021<\/strong><\/p>\n\n\n\n<p>Ravenstein, Merchingen, Adventon, Wemmersdorf, B\u00fcnnbachtal, Adelsheim, Hemsbach, Schlierstadt, Eberbach, G\u00f6tzingen, <\/p>\n\n\n\n<p><strong>08.06.2021<\/strong><strong><\/strong><\/p>\n\n\n\n<p>?<\/p>\n\n\n\n<p><strong>15.06.2021 Start um 18:00<\/strong><\/p>\n\n\n\n<p>100km: Miltenberg, Wertheim, Taubertal heim.<\/p>\n\n\n\n<p><strong>22.06.2021 Start um 17:00 Best of Odenwald 2<\/strong><\/p>\n\n\n\n<p>100km. Treffpunkt in H\u00f6pfi: Amorbach, Waldleinigen, Gaim\u00fchle, Reistenbacher Grund, Mudau, Steinbach, Hettingenbeuren, Steige, Wald\u00fcrn, H\u00f6pfi.<\/p>\n\n\n\n<p><strong>29.06.2021 <\/strong><strong><\/strong><\/p>\n\n\n\n<p>?<\/p>\n\n\n\n<p><strong>06.07.2021<\/strong><strong><\/strong><\/p>\n\n\n\n<p>ausgefallen, wegen Regen.<\/p>\n\n\n\n<p>Reicholzheim, Sachsenhausen, Neunkirchen, Eichenb\u00fchl, Riedern, Guggenberg, Dornberg, Hardheim, heim. 85km<\/p>\n\n\n\n<p><strong>13.07.2021<\/strong><strong><\/strong><\/p>\n\n\n\n<p>?<\/p>\n\n\n\n<p><strong>20.07.2021 Start um 17:00 Hafenlohrrunde<\/strong><\/p>\n\n\n\n<p>10xkm: Wertheim, Hasloch, Schollbrunn, Auto Rasta, Hafenlohrtal, Marktheidenfeld, W\u00fcstenzell, Neubrunn, Niklashausen, heim.<\/p>\n\n\n\n<p><strong>27.07.2021<\/strong><strong><\/strong><\/p>\n\n\n\n<p>Hof Lilach, Fuchsstadt, Winterhausen, Sommerhausen, Gossmani, Darstadt, Wittig, Vilch, Marbach, heim. 76km<\/p>\n\n\n\n<p><strong>03.08.2021<\/strong><strong><\/strong><\/p>\n\n\n\n<p>Reicholzheim, Sachsenhausen, Neunkirchen, Eichenb\u00fchl, Riedern, Guggenberg, Dornberg, Hardheim, heim. 85km<\/p>\n\n\n\n<p><strong>10.08.2021<\/strong><\/p>\n\n\n\n<p>Buckelrunde<\/p>\n\n\n\n<p><strong>17.08.2021<\/strong><\/p>\n\n\n\n<p><strong>24.08.2021<\/strong><strong><\/strong><\/p>\n\n\n\n<p>75km. Dittwar, Heckfeld, Sch\u00fcpf, Bobstadt, Assamstadt, Klebsau, Laibach, Rengershausen, Hachtel, MGH, heim.<strong> <\/strong><\/p>\n\n\n\n<p><strong>31.08.2021<\/strong><strong><\/strong><\/p>\n\n\n\n<p><strong>07.09.2021<\/strong><strong><\/strong><\/p>\n\n\n\n<p><strong>14.09.2021<\/strong><strong><\/strong><\/p>\n\n\n\n<p><strong>21.09.2021<\/strong><strong><\/strong><\/p>\n\n\n\n<p><strong>28.09.2021<\/strong><strong><\/strong><\/p>\n\n\n\n<p><strong>05.10.2021<\/strong><strong><\/strong><\/p>\n\n\n\n<p><strong>12.10.2021<\/strong><strong><\/strong><\/p>\n\n\n\n<p>Hochhausen, Werbachhausen, Brunntal, Rinderfeld, Ilmspan, Wittigh., B\u00fctthard, Oesfeld, Oberbalbi, Deubach, Messelh., Gr\u00fcnsfeld, Steige nach Ditti. ca. 65 km.<\/p>\n\n\n\n<p><strong>19.10.2021<\/strong><strong><\/strong><\/p>\n\n\n\n<p><strong>26.10.2021<\/strong><strong><\/strong><\/p>\n","protected":false},"excerpt":{"rendered":"<p>30.03.2021 Start 17:30 niemand da 06.04.2021 Schnee 13.04.2021 Bronnbach, K\u00fclse, Schweini, P\u00fclfi, Buch, heim 20.04.2021 62km. Hof Steinbach, Dittwar, Gissi, P\u00fclfi, Waldstetten, Altheim, Sindolzheim, Hohenstadt, Eubi, Buch , Heckfeld, heim. 27.04.2021 76 km. Heckfeld, Kuba, \u00dcffi, Gr\u00e4ffi, Gericht, Harde, K\u00fclse, &hellip; <a href=\"http:\/\/radi.es\/?page_id=8\">Weiterlesen <span class=\"meta-nav\">&rarr;<\/span><\/a><\/p>\n","protected":false},"author":1,"featured_media":0,"parent":0,"menu_order":20,"comment_status":"closed","ping_status":"closed","template":"","meta":{"footnotes":""},"class_list":["post-8","page","type-page","status-publish","hentry"],"_links":{"self":[{"href":"http:\/\/radi.es\/index.php?rest_route=\/wp\/v2\/pages\/8","targetHints":{"allow":["GET"]}}],"collection":[{"href":"http:\/\/radi.es\/index.php?rest_route=\/wp\/v2\/pages"}],"about":[{"href":"http:\/\/radi.es\/index.php?rest_route=\/wp\/v2\/types\/page"}],"author":[{"embeddable":true,"href":"http:\/\/radi.es\/index.php?rest_route=\/wp\/v2\/users\/1"}],"replies":[{"embeddable":true,"href":"http:\/\/radi.es\/index.php?rest_route=%2Fwp%2Fv2%2Fcomments&post=8"}],"version-history":[{"count":4,"href":"http:\/\/radi.es\/index.php?rest_route=\/wp\/v2\/pages\/8\/revisions"}],"predecessor-version":[{"id":21,"href":"http:\/\/radi.es\/index.php?rest_route=\/wp\/v2\/pages\/8\/revisions\/21"}],"wp:attachment":[{"href":"http:\/\/radi.es\/index.php?rest_route=%2Fwp%2Fv2%2Fmedia&parent=8"}],"curies":[{"name":"wp","href":"https:\/\/api.w.org\/{rel}","templated":true}]}}